

 


 

 


 

 


 



 


 

 


 









 


 

 


 

 


 

 


 

 


 {"id":5748,"date":"2025-12-17T14:25:25","date_gmt":"2025-12-17T14:25:25","guid":{"rendered":"https:\/\/www.leopoldhof.at\/?page_id=5748"},"modified":"2026-02-02T15:33:03","modified_gmt":"2026-02-02T15:33:03","slug":"indoor-eisstockbahn-verfugbarkeit","status":"publish","type":"page","link":"https:\/\/www.leopoldhof.at\/en\/dorf-alm\/indoor-eisstockbahn\/indoor-eisstockbahn-verfugbarkeit\/","title":{"rendered":"Indoor-Eisstockbahn &#8211; Verf\u00fcgbarkeit"},"content":{"rendered":"<div data-elementor-type=\"wp-page\" data-elementor-id=\"5748\" class=\"elementor elementor-5748\" data-elementor-post-type=\"page\">\n\t\t\t\t<div class=\"elementor-element elementor-element-fd61183 e-con-full e-flex e-con e-parent\" data-id=\"fd61183\" data-element_type=\"container\">\n\t\t\t\t<div class=\"elementor-element elementor-element-1871b4d elementor-widget elementor-widget-template\" data-id=\"1871b4d\" data-element_type=\"widget\" data-widget_type=\"template.default\">\n\t\t\t\t\t\t<div class=\"elementor-widget-container\">\n\t\t\t\t\t\t\t<div class=\"elementor-template\">\n\t\t\t\t\t<div data-elementor-type=\"container\" data-elementor-id=\"1773\" class=\"elementor elementor-1773\" data-elementor-post-type=\"elementor_library\">\n\t\t\t\t<div class=\"elementor-element elementor-element-29969303 always-first e-flex e-con-boxed e-con e-parent\" data-id=\"29969303\" data-element_type=\"container\" data-settings=\"{&quot;background_background&quot;:&quot;classic&quot;}\">\n\t\t\t\t\t<div class=\"e-con-inner\">\n\t\t\t\t\t<\/div>\n\t\t\t\t<\/div>\n\t\t\t\t<\/div>\n\t\t\t\t<\/div>\n\t\t\t\t\t\t<\/div>\n\t\t\t\t<\/div>\n\t\t\t\t<\/div>\n\t\t<div class=\"elementor-element elementor-element-495e109 e-con-full e-flex e-con e-parent\" data-id=\"495e109\" data-element_type=\"container\" data-settings=\"{&quot;background_background&quot;:&quot;classic&quot;}\">\n\t\t<div class=\"elementor-element elementor-element-20d1a2e e-con-full e-flex e-con e-child\" data-id=\"20d1a2e\" data-element_type=\"container\" data-settings=\"{&quot;background_background&quot;:&quot;classic&quot;}\">\n\t\t\t\t<\/div>\n\t\t<div class=\"elementor-element elementor-element-9255e3f e-con-full e-flex e-con e-child\" data-id=\"9255e3f\" data-element_type=\"container\" data-settings=\"{&quot;background_background&quot;:&quot;classic&quot;}\">\n\t\t\t\t<div class=\"elementor-element elementor-element-cd254ef elementor-widget elementor-widget-shortcode\" data-id=\"cd254ef\" data-element_type=\"widget\" data-widget_type=\"shortcode.default\">\n\t\t\t\t\t\t<div class=\"elementor-widget-container\">\n\t\t\t\t\t\t\t<div class=\"elementor-shortcode\"><nav aria-label=\"breadcrumbs\" class=\"rank-math-breadcrumb\"><p><span class=\"last\">Home<\/span><\/p><\/nav><\/div>\n\t\t\t\t\t\t<\/div>\n\t\t\t\t<\/div>\n\t\t<div class=\"elementor-element elementor-element-6e7f786 e-con-full e-flex e-con e-child\" data-id=\"6e7f786\" data-element_type=\"container\">\n\t\t\t\t<div class=\"elementor-element elementor-element-fa1a2eb main-title elementor-invisible elementor-widget elementor-widget-heading\" data-id=\"fa1a2eb\" data-element_type=\"widget\" data-settings=\"{&quot;_animation&quot;:&quot;fadeIn&quot;}\" data-widget_type=\"heading.default\">\n\t\t\t\t\t\t<div class=\"elementor-widget-container\">\n\t\t\t\t\t<h2 class=\"elementor-heading-title elementor-size-default\">Jetzt anfragen!<\/h2>\t\t\t\t<\/div>\n\t\t\t\t<\/div>\n\t\t\t\t<div class=\"elementor-element elementor-element-3fbe9d5 elementor-invisible elementor-widget elementor-widget-heading\" data-id=\"3fbe9d5\" data-element_type=\"widget\" data-settings=\"{&quot;_animation&quot;:&quot;fadeInLeft&quot;}\" data-widget_type=\"heading.default\">\n\t\t\t\t\t\t<div class=\"elementor-widget-container\">\n\t\t\t\t\t<h3 class=\"elementor-heading-title elementor-size-default\">Information Indoor-Eisstockbahn:<\/h3>\t\t\t\t<\/div>\n\t\t\t\t<\/div>\n\t\t\t\t<div class=\"elementor-element elementor-element-93ba04a elementor-invisible elementor-widget elementor-widget-text-editor\" data-id=\"93ba04a\" data-element_type=\"widget\" data-settings=\"{&quot;_animation&quot;:&quot;fadeInLeft&quot;}\" data-widget_type=\"text-editor.default\">\n\t\t\t\t\t\t<div class=\"elementor-widget-container\">\n\t\t\t\t\t\t\t\t\t<p>F\u00fcr das Bratlschie\u00dfen kann unsere Bahn zu den nachstehend angef\u00fchrten Zeiten gebucht werden.<br \/><strong>Nach eurer Eisbahnzeit freuen wir uns darauf, euch in der Dorfalm begr\u00fc\u00dfen zu d\u00fcrfen.<\/strong> Ein Tisch ist daf\u00fcr gerne f\u00fcr euch reserviert, um den Abend in gem\u00fctlicher Atmosph\u00e4re bei uns ausklingen zu lassen.<br data-start=\"264\" data-end=\"267\" \/><br \/><\/p>\t\t\t\t\t\t\t\t<\/div>\n\t\t\t\t<\/div>\n\t\t\t\t<div class=\"elementor-element elementor-element-a7e8ec1 elementor-align-left elementor-widget elementor-widget-button\" data-id=\"a7e8ec1\" data-element_type=\"widget\" data-widget_type=\"button.default\">\n\t\t\t\t\t\t<div class=\"elementor-widget-container\">\n\t\t\t\t\t\t\t\t\t<div class=\"elementor-button-wrapper\">\n\t\t\t\t\t<a class=\"elementor-button elementor-button-link elementor-size-sm elementor-animation-grow\" href=\"https:\/\/kalender.digital\/758e232e985d7c864e3c\" target=\"_blank\" rel=\"noopener\">\n\t\t\t\t\t\t<span class=\"elementor-button-content-wrapper\">\n\t\t\t\t\t\t<span class=\"elementor-button-icon\">\n\t\t\t\t<i aria-hidden=\"true\" class=\"xlwpf wppb-font-right-arrow\"><\/i>\t\t\t<\/span>\n\t\t\t\t\t\t\t\t\t<span class=\"elementor-button-text\">Verf\u00fcgbarkeit pr\u00fcfen<\/span>\n\t\t\t\t\t<\/span>\n\t\t\t\t\t<\/a>\n\t\t\t\t<\/div>\n\t\t\t\t\t\t\t\t<\/div>\n\t\t\t\t<\/div>\n\t\t\t\t<\/div>\n\t\t\t\t<\/div>\n\t\t\t\t<\/div>\n\t\t<div class=\"elementor-element elementor-element-5a77483 e-flex e-con-boxed e-con e-parent\" data-id=\"5a77483\" data-element_type=\"container\">\n\t\t\t\t\t<div class=\"e-con-inner\">\n\t\t\t\t<div class=\"elementor-element elementor-element-d5f4541 elementor-button-align-stretch elementor-widget elementor-widget-form\" data-id=\"d5f4541\" data-element_type=\"widget\" data-settings=\"{&quot;step_next_label&quot;:&quot;Next&quot;,&quot;step_previous_label&quot;:&quot;Previous&quot;,&quot;button_width&quot;:&quot;100&quot;,&quot;step_type&quot;:&quot;number_text&quot;,&quot;step_icon_shape&quot;:&quot;circle&quot;}\" data-widget_type=\"form.default\">\n\t\t\t\t\t\t<div class=\"elementor-widget-container\">\n\t\t\t\t\t\t\t<form class=\"elementor-form\" method=\"post\" name=\"New Form\" aria-label=\"New Form\" action=\"\">\n\t\t\t<input type=\"hidden\" name=\"post_id\" value=\"5748\"\/>\n\t\t\t<input type=\"hidden\" name=\"form_id\" value=\"d5f4541\"\/>\n\t\t\t<input type=\"hidden\" name=\"referer_title\" value=\"\" \/>\n\n\t\t\t\n\t\t\t<div class=\"elementor-form-fields-wrapper elementor-labels-above\">\n\t\t\t\t\t\t\t\t<div class=\"elementor-field-type-text elementor-field-group elementor-column elementor-field-group-name elementor-col-100 elementor-field-required elementor-mark-required\">\n\t\t\t\t\t\t\t\t\t\t\t\t<label for=\"form-field-name\" class=\"elementor-field-label\">\n\t\t\t\t\t\t\t\tName\t\t\t\t\t\t\t<\/label>\n\t\t\t\t\t\t\t\t\t\t\t\t\t\t<input size=\"1\" type=\"text\" name=\"form_fields[name]\" id=\"form-field-name\" class=\"elementor-field elementor-size-sm  elementor-field-textual\" placeholder=\"Name\" required=\"required\">\n\t\t\t\t\t\t\t\t\t\t\t<\/div>\n\t\t\t\t\t\t\t\t<div class=\"elementor-field-type-text elementor-field-group elementor-column elementor-field-group-field_fcb7bc9 elementor-col-100 elementor-field-required elementor-mark-required\">\n\t\t\t\t\t\t\t\t\t\t\t\t<label for=\"form-field-field_fcb7bc9\" class=\"elementor-field-label\">\n\t\t\t\t\t\t\t\tAdresse\t\t\t\t\t\t\t<\/label>\n\t\t\t\t\t\t\t\t\t\t\t\t\t\t<input size=\"1\" type=\"text\" name=\"form_fields[field_fcb7bc9]\" id=\"form-field-field_fcb7bc9\" class=\"elementor-field elementor-size-sm  elementor-field-textual\" placeholder=\"Adresse\" required=\"required\">\n\t\t\t\t\t\t\t\t\t\t\t<\/div>\n\t\t\t\t\t\t\t\t<div class=\"elementor-field-type-email elementor-field-group elementor-column elementor-field-group-email elementor-col-100 elementor-field-required elementor-mark-required\">\n\t\t\t\t\t\t\t\t\t\t\t\t<label for=\"form-field-email\" class=\"elementor-field-label\">\n\t\t\t\t\t\t\t\temail\t\t\t\t\t\t\t<\/label>\n\t\t\t\t\t\t\t\t\t\t\t\t\t\t<input size=\"1\" type=\"email\" name=\"form_fields[email]\" id=\"form-field-email\" class=\"elementor-field elementor-size-sm  elementor-field-textual\" placeholder=\"email\" required=\"required\">\n\t\t\t\t\t\t\t\t\t\t\t<\/div>\n\t\t\t\t\t\t\t\t<div class=\"elementor-field-type-tel elementor-field-group elementor-column elementor-field-group-field_aaa6d90 elementor-col-100 elementor-field-required elementor-mark-required\">\n\t\t\t\t\t\t\t\t\t\t\t\t<label for=\"form-field-field_aaa6d90\" class=\"elementor-field-label\">\n\t\t\t\t\t\t\t\tTelephone number\t\t\t\t\t\t\t<\/label>\n\t\t\t\t\t\t\t\t<input size=\"1\" type=\"tel\" name=\"form_fields[field_aaa6d90]\" id=\"form-field-field_aaa6d90\" class=\"elementor-field elementor-size-sm  elementor-field-textual\" placeholder=\"Telephone number\" required=\"required\" pattern=\"[0-9()#&amp;+*-=.]+\" title=\"Only numbers and phone characters (#, -, *, etc) are accepted.\">\n\n\t\t\t\t\t\t<\/div>\n\t\t\t\t\t\t\t\t<div class=\"elementor-field-type-date elementor-field-group elementor-column elementor-field-group-field_5892e21 elementor-col-100 elementor-field-required elementor-mark-required\">\n\t\t\t\t\t\t\t\t\t\t\t\t<label for=\"form-field-field_5892e21\" class=\"elementor-field-label\">\n\t\t\t\t\t\t\t\tReservierungsdatum\t\t\t\t\t\t\t<\/label>\n\t\t\t\t\t\t\n\t\t<input type=\"date\" name=\"form_fields[field_5892e21]\" id=\"form-field-field_5892e21\" class=\"elementor-field elementor-size-sm  elementor-field-textual elementor-date-field\" placeholder=\"Reservierungsdatum\" required=\"required\" pattern=\"[0-9]{4}-[0-9]{2}-[0-9]{2}\">\n\t\t\t\t\t\t<\/div>\n\t\t\t\t\t\t\t\t<div class=\"elementor-field-type-text elementor-field-group elementor-column elementor-field-group-field_383bff9 elementor-col-100 elementor-field-required elementor-mark-required\">\n\t\t\t\t\t\t\t\t\t\t\t\t<label for=\"form-field-field_383bff9\" class=\"elementor-field-label\">\n\t\t\t\t\t\t\t\tPersonenanzahl (ca.)\t\t\t\t\t\t\t<\/label>\n\t\t\t\t\t\t\t\t\t\t\t\t\t\t<input size=\"1\" type=\"text\" name=\"form_fields[field_383bff9]\" id=\"form-field-field_383bff9\" class=\"elementor-field elementor-size-sm  elementor-field-textual\" placeholder=\"0\" required=\"required\">\n\t\t\t\t\t\t\t\t\t\t\t<\/div>\n\t\t\t\t\t\t\t\t<div class=\"elementor-field-type-checkbox elementor-field-group elementor-column elementor-field-group-field_96b737e elementor-col-100\">\n\t\t\t\t\t\t\t\t\t\t\t\t<label for=\"form-field-field_96b737e\" class=\"elementor-field-label\">\n\t\t\t\t\t\t\t\tUhrzeit\t\t\t\t\t\t\t<\/label>\n\t\t\t\t\t\t<div class=\"elementor-field-subgroup\"><span class=\"elementor-field-option\"><input type=\"checkbox\" value=\"10:00 \u2013 12:00 Uhr\" id=\"form-field-field_96b737e-0\" name=\"form_fields[field_96b737e][]\"> <label for=\"form-field-field_96b737e-0\">10:00 \u2013 12:00 Uhr<\/label><\/span><span class=\"elementor-field-option\"><input type=\"checkbox\" value=\"11:00 \u2013 13:00 Uhr\" id=\"form-field-field_96b737e-1\" name=\"form_fields[field_96b737e][]\"> <label for=\"form-field-field_96b737e-1\">11:00 \u2013 13:00 Uhr<\/label><\/span><span class=\"elementor-field-option\"><input type=\"checkbox\" value=\"16:30 \u2013 18:30 Uhr\" id=\"form-field-field_96b737e-2\" name=\"form_fields[field_96b737e][]\"> <label for=\"form-field-field_96b737e-2\">16:30 \u2013 18:30 Uhr<\/label><\/span><span class=\"elementor-field-option\"><input type=\"checkbox\" value=\"18:30 \u2013 20:30 Uhr\" id=\"form-field-field_96b737e-3\" name=\"form_fields[field_96b737e][]\"> <label for=\"form-field-field_96b737e-3\">18:30 \u2013 20:30 Uhr<\/label><\/span><\/div>\t\t\t\t<\/div>\n\t\t\t\t\t\t\t\t<div class=\"elementor-field-type-checkbox elementor-field-group elementor-column elementor-field-group-field_f8ab58a elementor-col-100\">\n\t\t\t\t\t\t\t\t\t\t\t\t<label for=\"form-field-field_f8ab58a\" class=\"elementor-field-label\">\n\t\t\t\t\t\t\t\tEinkehr Dorf-Alm Wirtshaus\t\t\t\t\t\t\t<\/label>\n\t\t\t\t\t\t<div class=\"elementor-field-subgroup\"><span class=\"elementor-field-option\"><input type=\"checkbox\" value=\"Davor ca. 1,5 Stunden vor Eisbahnbuchung\" id=\"form-field-field_f8ab58a-0\" name=\"form_fields[field_f8ab58a][]\"> <label for=\"form-field-field_f8ab58a-0\">Davor ca. 1,5 Stunden vor Eisbahnbuchung<\/label><\/span><span class=\"elementor-field-option\"><input type=\"checkbox\" value=\"Danach\" id=\"form-field-field_f8ab58a-1\" name=\"form_fields[field_f8ab58a][]\"> <label for=\"form-field-field_f8ab58a-1\">Danach<\/label><\/span><\/div>\t\t\t\t<\/div>\n\t\t\t\t\t\t\t\t<div class=\"elementor-field-type-checkbox elementor-field-group elementor-column elementor-field-group-field_1651f2f elementor-col-100\">\n\t\t\t\t\t\t\t\t\t\t\t\t<label for=\"form-field-field_1651f2f\" class=\"elementor-field-label\">\n\t\t\t\t\t\t\t\tEssensw\u00fcnsche\t\t\t\t\t\t\t<\/label>\n\t\t\t\t\t\t<div class=\"elementor-field-subgroup\"><span class=\"elementor-field-option\"><input type=\"checkbox\" value=\"A la carte\" id=\"form-field-field_1651f2f-0\" name=\"form_fields[field_1651f2f][]\"> <label for=\"form-field-field_1651f2f-0\">A la carte<\/label><\/span><span class=\"elementor-field-option\"><input type=\"checkbox\" value=\"Schweinsbrat\u00b4l auf Bestellung\" id=\"form-field-field_1651f2f-1\" name=\"form_fields[field_1651f2f][]\"> <label for=\"form-field-field_1651f2f-1\">Schweinsbrat\u00b4l auf Bestellung<\/label><\/span><\/div>\t\t\t\t<\/div>\n\t\t\t\t\t\t\t\t<div class=\"elementor-field-type-text elementor-field-group elementor-column elementor-field-group-field_5fc41ab elementor-col-100\">\n\t\t\t\t\t\t\t\t\t\t\t\t<label for=\"form-field-field_5fc41ab\" class=\"elementor-field-label\">\n\t\t\t\t\t\t\t\tSonstiges\t\t\t\t\t\t\t<\/label>\n\t\t\t\t\t\t\t\t\t\t\t\t\t\t<input size=\"1\" type=\"text\" name=\"form_fields[field_5fc41ab]\" id=\"form-field-field_5fc41ab\" class=\"elementor-field elementor-size-sm  elementor-field-textual\" placeholder=\"Sonstige W\u00fcnsche...\">\n\t\t\t\t\t\t\t\t\t\t\t<\/div>\n\t\t\t\t\t\t\t\t<div class=\"elementor-field-type-acceptance elementor-field-group elementor-column elementor-field-group-field_40f89e5 elementor-col-100 elementor-field-required elementor-mark-required\">\n\t\t\t\t\t\t\t<div class=\"elementor-field-subgroup\">\n\t\t\t<span class=\"elementor-field-option\">\n\t\t\t\t<input type=\"checkbox\" name=\"form_fields[field_40f89e5]\" id=\"form-field-field_40f89e5\" class=\"elementor-field elementor-size-sm  elementor-acceptance-field\" required=\"required\">\n\t\t\t\t<label for=\"form-field-field_40f89e5\">Ich erkl\u00e4re mich mit den Buchungsbedingungen einverstanden. (Siehe unten)<\/label>\t\t\t<\/span>\n\t\t<\/div>\n\t\t\t\t\t\t<\/div>\n\t\t\t\t\t\t\t\t<div class=\"elementor-field-type-recaptcha_v3 elementor-field-group elementor-column elementor-field-group-field_7586e3e elementor-col-100 recaptcha_v3-bottomright\">\n\t\t\t\t\t<div class=\"elementor-field\" id=\"form-field-field_7586e3e\"><div class=\"elementor-g-recaptcha\" data-sitekey=\"6LcPM14sAAAAAJsi6dZHK0uny-Ad5lw2fcqisyKA\" data-type=\"v3\" data-action=\"Form\" data-badge=\"bottomright\" data-size=\"invisible\"><\/div><\/div>\t\t\t\t<\/div>\n\t\t\t\t\t\t\t\t<div class=\"elementor-field-group elementor-column elementor-field-type-submit elementor-col-100 e-form__buttons\">\n\t\t\t\t\t<button class=\"elementor-button elementor-size-sm\" type=\"submit\">\n\t\t\t\t\t\t<span class=\"elementor-button-content-wrapper\">\n\t\t\t\t\t\t\t\t\t\t\t\t\t\t\t\t\t\t\t\t\t\t<span class=\"elementor-button-text\">Jetzt Anfragen<\/span>\n\t\t\t\t\t\t\t\t\t\t\t\t\t<\/span>\n\t\t\t\t\t<\/button>\n\t\t\t\t<\/div>\n\t\t\t<\/div>\n\t\t<input type=\"hidden\" name=\"trp-form-language\" value=\"en\"\/><\/form>\n\t\t\t\t\t\t<\/div>\n\t\t\t\t<\/div>\n\t\t\t\t\t<\/div>\n\t\t\t\t<\/div>\n\t\t<div class=\"elementor-element elementor-element-84c8bcd e-grid e-con-boxed e-con e-parent\" data-id=\"84c8bcd\" data-element_type=\"container\">\n\t\t\t\t\t<div class=\"e-con-inner\">\n\t\t\t\t<div class=\"elementor-element elementor-element-957aa70 elementor-widget elementor-widget-text-editor\" data-id=\"957aa70\" data-element_type=\"widget\" data-widget_type=\"text-editor.default\">\n\t\t\t\t\t\t<div class=\"elementor-widget-container\">\n\t\t\t\t\t\t\t\t\t<p>Die Verf\u00fcgbarkeit der Eisbahn kann in unserem <b>Bahnkalender<\/b> oben eingesehen werden.<\/p><p>Nach erfolgter Buchung sollte die Reservierung <b>sp\u00e4testens innerhalb von zwei Tagen<\/b>\u00a0im Kalender ersichtlich sein.<\/p><p><b>Erst nach Eintragung im Bahnkalender bzw. nach positiver Reservierungsbest\u00e4tigung gilt die Buchung als verbindlich.<\/b><u><\/u><u><\/u><\/p><p>Bei Stornierungen, die\u00a0<b>nicht mindestens zwei Tage vor dem gebuchten Termin<\/b>\u00a0erfolgen, werden\u00a0<b>Stornogeb\u00fchren in H\u00f6he von 50 % des Buchungsbetrages<\/b>\u00a0verrechnet.<\/p><p>Bis bald,<br \/>Dorf-Alm Team<\/p>\t\t\t\t\t\t\t\t<\/div>\n\t\t\t\t<\/div>\n\t\t\t\t<div class=\"elementor-element elementor-element-b871476 elementor-widget elementor-widget-image\" data-id=\"b871476\" data-element_type=\"widget\" data-widget_type=\"image.default\">\n\t\t\t\t\t\t<div class=\"elementor-widget-container\">\n\t\t\t\t\t\t\t\t\t\t\t\t\t\t\t<img fetchpriority=\"high\" decoding=\"async\" width=\"800\" height=\"534\" src=\"https:\/\/www.leopoldhof.at\/wp-content\/uploads\/2025\/04\/04_Dorfalm_9663-1024x683.jpg\" class=\"attachment-large size-large wp-image-2532\" alt=\"\" srcset=\"https:\/\/www.leopoldhof.at\/wp-content\/uploads\/2025\/04\/04_Dorfalm_9663-1024x683.jpg 1024w, https:\/\/www.leopoldhof.at\/wp-content\/uploads\/2025\/04\/04_Dorfalm_9663-300x200.jpg 300w, https:\/\/www.leopoldhof.at\/wp-content\/uploads\/2025\/04\/04_Dorfalm_9663-768x512.jpg 768w, https:\/\/www.leopoldhof.at\/wp-content\/uploads\/2025\/04\/04_Dorfalm_9663-1536x1025.jpg 1536w, https:\/\/www.leopoldhof.at\/wp-content\/uploads\/2025\/04\/04_Dorfalm_9663-18x12.jpg 18w, https:\/\/www.leopoldhof.at\/wp-content\/uploads\/2025\/04\/04_Dorfalm_9663.jpg 1920w\" sizes=\"(max-width: 800px) 100vw, 800px\" \/>\t\t\t\t\t\t\t\t\t\t\t\t\t\t\t<\/div>\n\t\t\t\t<\/div>\n\t\t\t\t\t<\/div>\n\t\t\t\t<\/div>\n\t\t\t\t<\/div>","protected":false},"excerpt":{"rendered":"<p>Jetzt anfragen! Information Indoor-Eisstockbahn: F\u00fcr das Bratlschie\u00dfen kann unsere Bahn zu den nachstehend angef\u00fchrten Zeiten gebucht werden.Nach eurer Eisbahnzeit freuen wir uns darauf, euch in der Dorfalm begr\u00fc\u00dfen zu d\u00fcrfen. Ein Tisch ist daf\u00fcr gerne f\u00fcr euch reserviert, um den Abend in gem\u00fctlicher Atmosph\u00e4re bei uns ausklingen zu lassen. Verf\u00fcgbarkeit pr\u00fcfen Die Verf\u00fcgbarkeit der Eisbahn [&hellip;]<\/p>","protected":false},"author":9,"featured_media":0,"parent":1539,"menu_order":3,"comment_status":"open","ping_status":"closed","template":"","meta":{"_acf_changed":false,"footnotes":""},"class_list":["post-5748","page","type-page","status-publish","hentry"],"acf":[],"_links":{"self":[{"href":"https:\/\/www.leopoldhof.at\/en\/wp-json\/wp\/v2\/pages\/5748","targetHints":{"allow":["GET"]}}],"collection":[{"href":"https:\/\/www.leopoldhof.at\/en\/wp-json\/wp\/v2\/pages"}],"about":[{"href":"https:\/\/www.leopoldhof.at\/en\/wp-json\/wp\/v2\/types\/page"}],"author":[{"embeddable":true,"href":"https:\/\/www.leopoldhof.at\/en\/wp-json\/wp\/v2\/users\/9"}],"replies":[{"embeddable":true,"href":"https:\/\/www.leopoldhof.at\/en\/wp-json\/wp\/v2\/comments?post=5748"}],"version-history":[{"count":5,"href":"https:\/\/www.leopoldhof.at\/en\/wp-json\/wp\/v2\/pages\/5748\/revisions"}],"predecessor-version":[{"id":5892,"href":"https:\/\/www.leopoldhof.at\/en\/wp-json\/wp\/v2\/pages\/5748\/revisions\/5892"}],"up":[{"embeddable":true,"href":"https:\/\/www.leopoldhof.at\/en\/wp-json\/wp\/v2\/pages\/1539"}],"wp:attachment":[{"href":"https:\/\/www.leopoldhof.at\/en\/wp-json\/wp\/v2\/media?parent=5748"}],"curies":[{"name":"wp","href":"https:\/\/api.w.org\/{rel}","templated":true}]}}