

 


 

 


 

 


 



 


 

 


 









 


 

 


 

 


 

 


 

 


 {"id":5503,"date":"2025-10-08T07:05:09","date_gmt":"2025-10-08T07:05:09","guid":{"rendered":"https:\/\/www.leopoldhof.at\/?page_id=5503"},"modified":"2025-10-08T07:08:51","modified_gmt":"2025-10-08T07:08:51","slug":"impressum-duplicate","status":"publish","type":"page","link":"https:\/\/www.leopoldhof.at\/en\/leopoldhof\/impressum-duplicate\/","title":{"rendered":"Datenschutz"},"content":{"rendered":"<div data-elementor-type=\"wp-page\" data-elementor-id=\"5503\" class=\"elementor elementor-5503\" data-elementor-post-type=\"page\">\n\t\t\t\t<div class=\"elementor-element elementor-element-1036a9d e-con-full e-flex e-con e-parent\" data-id=\"1036a9d\" data-element_type=\"container\">\n\t\t\t\t<div class=\"elementor-element elementor-element-fde4d9f elementor-widget elementor-widget-template\" data-id=\"fde4d9f\" data-element_type=\"widget\" data-widget_type=\"template.default\">\n\t\t\t\t\t\t<div class=\"elementor-widget-container\">\n\t\t\t\t\t\t\t<div class=\"elementor-template\">\n\t\t\t\t\t<div data-elementor-type=\"container\" data-elementor-id=\"1773\" class=\"elementor elementor-1773\" data-elementor-post-type=\"elementor_library\">\n\t\t\t\t<div class=\"elementor-element elementor-element-29969303 always-first e-flex e-con-boxed e-con e-parent\" data-id=\"29969303\" data-element_type=\"container\" data-settings=\"{&quot;background_background&quot;:&quot;classic&quot;}\">\n\t\t\t\t\t<div class=\"e-con-inner\">\n\t\t\t\t\t<\/div>\n\t\t\t\t<\/div>\n\t\t\t\t<\/div>\n\t\t\t\t<\/div>\n\t\t\t\t\t\t<\/div>\n\t\t\t\t<\/div>\n\t\t\t\t<\/div>\n\t\t<div class=\"elementor-element elementor-element-3bdc7f2 e-flex e-con-boxed e-con e-parent\" data-id=\"3bdc7f2\" data-element_type=\"container\" data-settings=\"{&quot;background_background&quot;:&quot;classic&quot;}\">\n\t\t\t\t\t<div class=\"e-con-inner\">\n\t\t<div class=\"elementor-element elementor-element-c190995 e-con-full e-flex e-con e-child\" data-id=\"c190995\" data-element_type=\"container\" data-settings=\"{&quot;background_background&quot;:&quot;classic&quot;}\">\n\t\t\t\t<div class=\"elementor-element elementor-element-d6aa705 elementor-widget elementor-widget-shortcode\" data-id=\"d6aa705\" data-element_type=\"widget\" data-widget_type=\"shortcode.default\">\n\t\t\t\t\t\t<div class=\"elementor-widget-container\">\n\t\t\t\t\t\t\t<div class=\"elementor-shortcode\"><nav aria-label=\"breadcrumbs\" class=\"rank-math-breadcrumb\"><p><span class=\"last\">Home<\/span><\/p><\/nav><\/div>\n\t\t\t\t\t\t<\/div>\n\t\t\t\t<\/div>\n\t\t\t\t<\/div>\n\t\t\t\t\t<\/div>\n\t\t\t\t<\/div>\n\t\t<div class=\"elementor-element elementor-element-8ac7581 e-flex e-con-boxed e-con e-parent\" data-id=\"8ac7581\" data-element_type=\"container\">\n\t\t\t\t\t<div class=\"e-con-inner\">\n\t\t\t\t<div class=\"elementor-element elementor-element-ee721ec elementor-widget elementor-widget-text-editor\" data-id=\"ee721ec\" data-element_type=\"widget\" data-widget_type=\"text-editor.default\">\n\t\t\t\t\t\t<div class=\"elementor-widget-container\">\n\t\t\t\t\t\t\t\t\t<h2><span style=\"font-weight: 400;\">Datenschutzerkl\u00e4rung<\/span><\/h2><p><span style=\"font-weight: 400;\">GOOGLE ANALYTICS &amp; GOOGLE REMARKETING<\/span><\/p><p><span style=\"font-weight: 400;\">Diese Website benutzt Google Analytics und Google Remarketing. Dies sind Dienstleistungen der Google Inc. (&#8222;Google&#8220;). Google verwendet sog. &#8222;Cookies&#8220;, Textdateien, die auf Ihrem Computer gespeichert werden und die eine Analyse der Benutzung der Website durch Sie erm\u00f6glicht. Die durch den Cookie erzeugten Informationen \u00fcber Ihre Benutzung diese Website (einschlie\u00dflich Ihrer IP-Adresse) wird an einen Server von Google in den USA \u00fcbertragen und dort gespeichert. Die IP Adresse wird anschlie\u00dfend von Google um die letzten drei Stellen gek\u00fcrzt, eine eindeutige Zuordnung der IP Adresse ist somit nicht mehr m\u00f6glich. Google beachtet die Datenschutzbestimmungen des &#8222;US-Safe-Harbor&#8220;-Abkommens und ist beim &#8222;Safe Harbor&#8220;-Programm des US-Handelsministeriums registriert.<\/span><\/p><p><span style=\"font-weight: 400;\">Google wird diese Informationen benutzen, um Ihre Nutzung der Website auszuwerten, um Reports \u00fcber die Websiteaktivit\u00e4ten f\u00fcr die Websitebetreiber zusammenzustellen und um weitere mit der Websitenutzung und der Internetnutzung verbundene Dienstleistungen zu erbringen. Auch wird Google diese Informationen gegebenenfalls an Dritte \u00fcbertragen, sofern dies gesetzlich vorgeschrieben oder soweit Dritte diese Daten im Auftrag von Google verarbeiten.<\/span><\/p><p><span style=\"font-weight: 400;\">Drittanbieter, einschlie\u00dflich Google, schalten Anzeigen auf Websites im Internet. Drittanbieter, einschlie\u00dflich Google, verwenden gespeicherte Cookies zum Schalten von Anzeigen auf Grundlage vorheriger Besuche eines Nutzers auf dieser Website.<\/span><\/p><p><span style=\"font-weight: 400;\">Google wird in keinem Fall Ihre IP-Adresse mit anderen Daten der Google in Verbindung bringen. Der Datenerhebung und -speicherung kann jederzeit mit Wirkung f\u00fcr die Zukunft widersprochen werden. Sie k\u00f6nnen die Verwendung von Cookies durch Google deaktivieren, indem sie die Seite zur Deaktivierung von Google-Werbung\u00a0 aufrufen. Alternativ k\u00f6nnen Nutzer die Verwendung von Cookies durch Drittanbieter deaktivieren, indem sie die Deaktivierungsseite der Netzwerkwerbeinitiative aufrufen.<\/span><\/p><p><span style=\"font-weight: 400;\">Wir weisen Sie jedoch darauf hin, dass Sie in diesem Fall gegebenenfalls nicht s\u00e4mtliche Funktionen dieser Website voll umf\u00e4nglich nutzen k\u00f6nnen. Durch die Nutzung dieser Website erkl\u00e4ren Sie sich mit der Bearbeitung der \u00fcber Sie erhobenen Daten durch Google in der zuvor beschriebenen Art und Weise und zu dem zuvor benannten Zweck einverstanden.<\/span><\/p><p><span style=\"font-weight: 400;\">Der Datenerhebung und -speicherung kann jederzeit mit Wirkung f\u00fcr die Zukunft widersprochen werden. Weitere Hinweise zu den Bestimmungen von Google finden Sie hier.<\/span><\/p><h2>\u00a0<\/h2><h2><span style=\"font-weight: 400;\">Copyright und Links<\/span><\/h2><p><span style=\"font-weight: 400;\">Das Copyright und die Vervielf\u00e4ltigung oder Verwendung aller Bilder, Fotos, Grafiken, Mediendateien und Texten in anderen elektronischen oder gedruckten Publikationen ist ohne ausdr\u00fcckliche schriftliche Zustimmung nicht gestattet. Das Kopieren, Weiterleiten oder die Reproduktion (inklusive des Ausdrucks auf Papier) sind nur zur pers\u00f6nlichen Ansicht gestattet. F\u00fcr die Website gilt das Urheberrecht sowie das Markenrecht.<\/span><\/p><p><span style=\"font-weight: 400;\">Mit Urteil vom 12. Mai 1998 hat das Landgericht Hamburg entschieden, dass man durch die Ausbringung eines Links die Inhalte der gelinkten Seite ggf. mit zu verantworten hat. Dies kann \u2013 so das LG \u2013 nur dadurch verhindert werden, dass man sich ausdr\u00fccklich von diesen Inhalten\u00a0 distanziert. Wir haben auf diesen Seiten Links zu anderen Seiten im Internet\u00a0 gelegt. F\u00fcr all diese Links gilt: Wir m\u00f6chten ausdr\u00fccklich betonen, dass wir keinerlei Einfluss auf die Gestaltung und die Inhalte der gelinkten Seiten habe. Deshalb distanzieren wir uns hiermit ausdr\u00fccklich von allen Inhalten aller gelinkten Seiten auf dieser Homepage und machen uns ihre Inhalte nicht zueigen. Diese Erkl\u00e4rung gilt f\u00fcr alle auf unserer Homepage angebrachten Links.<\/span><\/p>\t\t\t\t\t\t\t\t<\/div>\n\t\t\t\t<\/div>\n\t\t\t\t\t<\/div>\n\t\t\t\t<\/div>\n\t\t<div class=\"elementor-element elementor-element-c0cf65b e-flex e-con-boxed e-con e-parent\" data-id=\"c0cf65b\" data-element_type=\"container\">\n\t\t\t\t\t<div class=\"e-con-inner\">\n\t\t\t\t<div class=\"elementor-element elementor-element-721da66 elementor-widget elementor-widget-spacer\" data-id=\"721da66\" data-element_type=\"widget\" data-widget_type=\"spacer.default\">\n\t\t\t\t\t\t<div class=\"elementor-widget-container\">\n\t\t\t\t\t\t\t<div class=\"elementor-spacer\">\n\t\t\t<div class=\"elementor-spacer-inner\"><\/div>\n\t\t<\/div>\n\t\t\t\t\t\t<\/div>\n\t\t\t\t<\/div>\n\t\t\t\t\t<\/div>\n\t\t\t\t<\/div>\n\t\t\t\t<\/div>","protected":false},"excerpt":{"rendered":"<p>Datenschutzerkl\u00e4rung GOOGLE ANALYTICS &amp; GOOGLE REMARKETING Diese Website benutzt Google Analytics und Google Remarketing. Dies sind Dienstleistungen der Google Inc. (&#8222;Google&#8220;). Google verwendet sog. &#8222;Cookies&#8220;, Textdateien, die auf Ihrem Computer gespeichert werden und die eine Analyse der Benutzung der Website durch Sie erm\u00f6glicht. Die durch den Cookie erzeugten Informationen \u00fcber Ihre Benutzung diese Website (einschlie\u00dflich [&hellip;]<\/p>","protected":false},"author":4,"featured_media":0,"parent":2,"menu_order":0,"comment_status":"closed","ping_status":"closed","template":"","meta":{"_acf_changed":false,"footnotes":""},"class_list":["post-5503","page","type-page","status-publish","hentry"],"acf":[],"_links":{"self":[{"href":"https:\/\/www.leopoldhof.at\/en\/wp-json\/wp\/v2\/pages\/5503","targetHints":{"allow":["GET"]}}],"collection":[{"href":"https:\/\/www.leopoldhof.at\/en\/wp-json\/wp\/v2\/pages"}],"about":[{"href":"https:\/\/www.leopoldhof.at\/en\/wp-json\/wp\/v2\/types\/page"}],"author":[{"embeddable":true,"href":"https:\/\/www.leopoldhof.at\/en\/wp-json\/wp\/v2\/users\/4"}],"replies":[{"embeddable":true,"href":"https:\/\/www.leopoldhof.at\/en\/wp-json\/wp\/v2\/comments?post=5503"}],"version-history":[{"count":5,"href":"https:\/\/www.leopoldhof.at\/en\/wp-json\/wp\/v2\/pages\/5503\/revisions"}],"predecessor-version":[{"id":5513,"href":"https:\/\/www.leopoldhof.at\/en\/wp-json\/wp\/v2\/pages\/5503\/revisions\/5513"}],"up":[{"embeddable":true,"href":"https:\/\/www.leopoldhof.at\/en\/wp-json\/wp\/v2\/pages\/2"}],"wp:attachment":[{"href":"https:\/\/www.leopoldhof.at\/en\/wp-json\/wp\/v2\/media?parent=5503"}],"curies":[{"name":"wp","href":"https:\/\/api.w.org\/{rel}","templated":true}]}}