

 


 

 


 

 


 



 


 

 


 









 


 

 


 

 


 

 


 

 


 {"id":5484,"date":"2025-10-08T06:36:05","date_gmt":"2025-10-08T06:36:05","guid":{"rendered":"https:\/\/www.leopoldhof.at\/?page_id=5484"},"modified":"2025-10-08T07:20:50","modified_gmt":"2025-10-08T07:20:50","slug":"impressum","status":"publish","type":"page","link":"https:\/\/www.leopoldhof.at\/en\/leopoldhof\/impressum\/","title":{"rendered":"Impressum"},"content":{"rendered":"<div data-elementor-type=\"wp-page\" data-elementor-id=\"5484\" class=\"elementor elementor-5484\" data-elementor-post-type=\"page\">\n\t\t\t\t<div class=\"elementor-element elementor-element-1036a9d e-con-full e-flex e-con e-parent\" data-id=\"1036a9d\" data-element_type=\"container\">\n\t\t\t\t<div class=\"elementor-element elementor-element-fde4d9f elementor-widget elementor-widget-template\" data-id=\"fde4d9f\" data-element_type=\"widget\" data-widget_type=\"template.default\">\n\t\t\t\t\t\t<div class=\"elementor-widget-container\">\n\t\t\t\t\t\t\t<div class=\"elementor-template\">\n\t\t\t\t\t<div data-elementor-type=\"container\" data-elementor-id=\"1773\" class=\"elementor elementor-1773\" data-elementor-post-type=\"elementor_library\">\n\t\t\t\t<div class=\"elementor-element elementor-element-29969303 always-first e-flex e-con-boxed e-con e-parent\" data-id=\"29969303\" data-element_type=\"container\" data-settings=\"{&quot;background_background&quot;:&quot;classic&quot;}\">\n\t\t\t\t\t<div class=\"e-con-inner\">\n\t\t\t\t\t<\/div>\n\t\t\t\t<\/div>\n\t\t\t\t<\/div>\n\t\t\t\t<\/div>\n\t\t\t\t\t\t<\/div>\n\t\t\t\t<\/div>\n\t\t\t\t<\/div>\n\t\t<div class=\"elementor-element elementor-element-3bdc7f2 e-flex e-con-boxed e-con e-parent\" data-id=\"3bdc7f2\" data-element_type=\"container\" data-settings=\"{&quot;background_background&quot;:&quot;classic&quot;}\">\n\t\t\t\t\t<div class=\"e-con-inner\">\n\t\t<div class=\"elementor-element elementor-element-c190995 e-con-full e-flex e-con e-child\" data-id=\"c190995\" data-element_type=\"container\" data-settings=\"{&quot;background_background&quot;:&quot;classic&quot;}\">\n\t\t\t\t<div class=\"elementor-element elementor-element-d6aa705 elementor-widget elementor-widget-shortcode\" data-id=\"d6aa705\" data-element_type=\"widget\" data-widget_type=\"shortcode.default\">\n\t\t\t\t\t\t<div class=\"elementor-widget-container\">\n\t\t\t\t\t\t\t<div class=\"elementor-shortcode\"><nav aria-label=\"breadcrumbs\" class=\"rank-math-breadcrumb\"><p><span class=\"last\">Home<\/span><\/p><\/nav><\/div>\n\t\t\t\t\t\t<\/div>\n\t\t\t\t<\/div>\n\t\t\t\t<\/div>\n\t\t\t\t\t<\/div>\n\t\t\t\t<\/div>\n\t\t<div class=\"elementor-element elementor-element-8ac7581 e-flex e-con-boxed e-con e-parent\" data-id=\"8ac7581\" data-element_type=\"container\">\n\t\t\t\t\t<div class=\"e-con-inner\">\n\t\t\t\t<div class=\"elementor-element elementor-element-ee721ec elementor-widget elementor-widget-text-editor\" data-id=\"ee721ec\" data-element_type=\"widget\" data-widget_type=\"text-editor.default\">\n\t\t\t\t\t\t<div class=\"elementor-widget-container\">\n\t\t\t\t\t\t\t\t\t<h1><span style=\"font-weight: 400;\">Impressum<\/span><\/h1><h2><span style=\"font-weight: 400;\">Kontaktdaten<\/span><\/h2><p><b>Ferienparadies Leopoldhof GmbH<\/b><\/p><p><span style=\"font-weight: 400;\">Family Falkensteiner\u00a0<\/span><\/p><p><span style=\"font-weight: 400;\">Ried 8\u00a0<\/span><\/p><p><span style=\"font-weight: 400;\">A-5360 St. Wolfgang<\/span><\/p><p><span style=\"font-weight: 400;\">Salzkammergut &#8211; \u00d6sterreich<\/span><\/p><p><b>Tel:<\/b><a href=\"tel:004361382438\"><span style=\"font-weight: 400;\"> +43 6138 2438<\/span><\/a><\/p><p><b>E-mail:<\/b><a href=\"mailto:office@leopoldhof.at\"><span style=\"font-weight: 400;\"> office@leopoldhof.at<\/span><\/a><\/p><p><b>Website:<\/b><a href=\"https:\/\/www.leopoldhof.at\/en\/\"><span style=\"font-weight: 400;\"> www.leopoldhof.at<\/span><\/a><\/p><p><b>UID<\/b><span style=\"font-weight: 400;\">: 6393 8038<\/span><\/p><p><b>Firmenbuchnummer:<\/b><span style=\"font-weight: 400;\"> 303496v<\/span><\/p><p><b>Beh\u00f6rde gem. ECG (E-Commerce Gesetz):<\/b><span style=\"font-weight: 400;\"> Bezirkshauptmannschaft Gmunden<\/span><\/p><p><b>Firmenbuchgericht:<\/b><span style=\"font-weight: 400;\"> Landesgericht Salzburg<\/span><\/p><p><b>Registrierungsnummer gem\u00e4\u00df Salzburger N\u00e4chtigungsabgabengesetz:<\/b><span style=\"font-weight: 400;\"> 50330-000505-2020<\/span><\/p><h2><span style=\"font-weight: 400;\">Bankverbindung<\/span><\/h2><p><b>Ferienparadies Leopoldhof GmbH<\/b><\/p><p><span style=\"font-weight: 400;\">Bankname: Raiba St. Wolfgang<\/span><\/p><p><span style=\"font-weight: 400;\">IBAN: AT41 3454 5000 0007 4211<\/span><\/p><p><span style=\"font-weight: 400;\">BIC: RZOOAT2L545<\/span><\/p><h2><span style=\"font-weight: 400;\">Bildnachweise<\/span><\/h2><p><span style=\"font-weight: 400;\">Alle auf dieser Website publizierten Inhalte und Downloads sind urheberrechtlich gesch\u00fctzt. Eine Vervielf\u00e4ltigung oder Verwendung in anderen elektronischen oder gedruckten Publikationen ist ohne ausdr\u00fcckliche Zustimmung des Autors nicht gestattet.<\/span><\/p><p><span style=\"font-weight: 400;\">\u00a9 Tricky Media GmbH<\/span><\/p><p><span style=\"font-weight: 400;\">\u00a9 Sportalpen<\/span><\/p><p><span style=\"font-weight: 400;\">\u00a9 WTG<\/span><\/p><p><span style=\"font-weight: 400;\">\u00a9 WTG \/ Alex Savel<\/span><\/p><p><span style=\"font-weight: 400;\">\u00a9 WTG \/ H\u00f6rmandinger<\/span><\/p><p><span style=\"font-weight: 400;\">\u00a9 WTG \/ Stefan Zoltan<\/span><\/p><p><span style=\"font-weight: 400;\">\u00a9 WTG \/ Peter Burgstaller \u00d6sterreich Werbung<\/span><\/p><p><span style=\"font-weight: 400;\">\u00a9 WTG \/ event-Fotograf<\/span><\/p><p><span style=\"font-weight: 400;\">\u00a9 STMG \/ Christian Parzer<\/span><\/p><p><span style=\"font-weight: 400;\">\u00a9 STMG \/ Erwin Fischer<\/span><\/p><p><span style=\"font-weight: 400;\">\u00a9 STMG \/ Wolfgang Stadler<\/span><\/p><p><span style=\"font-weight: 400;\">\u00a9 Leopoldhof<\/span><\/p><p><span style=\"font-weight: 400;\">\u00a9 www.UrlaubamBauernhof.at<\/span><\/p><p><span style=\"font-weight: 400;\">\u00a9 Markt36.at<\/span><\/p><p><span style=\"font-weight: 400;\">\u00a9 Fuschlseeregion-Wildbild<\/span><\/p><p><span style=\"font-weight: 400;\">\u00a9 andreas schatzl fotostudio<\/span><\/p><h2><span style=\"font-weight: 400;\">Konzept, Websdesign, Umsetzung &amp; Marketing<\/span><\/h2><p><span style=\"font-weight: 400;\">Tricky Media GmbH<\/span><span style=\"font-weight: 400;\"><br \/><\/span><span style=\"font-weight: 400;\">Technopark Stra\u00dfe 4<br \/><\/span><span style=\"font-weight: 400;\">5310 Mondsee<br \/><\/span><span style=\"font-weight: 400;\">Austria<\/span><\/p><p><b>Tel: <span style=\"font-weight: 400;\"><a href=\"tel:00436601616490\">+43 660 1616 490<\/a><\/span><\/b><\/p><p><b>E-mail: <a href=\"mailto:office@tricky-media.com\"><span style=\"font-weight: 400;\">office@tricky-media.com<\/span><\/a><\/b><\/p><p><b>Website: <span style=\"font-weight: 400;\"><a href=\"https:\/\/www.tricky-media.com\/\" target=\"_blank\" rel=\"noopener\">www.tricky-media.com<\/a> &amp; <a href=\"https:\/\/www.tricky-tourism.com\/\" target=\"_blank\" rel=\"noopener\">www.tricky-tourism.com<\/a><\/span><\/b><\/p>\t\t\t\t\t\t\t\t<\/div>\n\t\t\t\t<\/div>\n\t\t\t\t\t<\/div>\n\t\t\t\t<\/div>\n\t\t<div class=\"elementor-element elementor-element-9d2bc6d e-flex e-con-boxed e-con e-parent\" data-id=\"9d2bc6d\" data-element_type=\"container\">\n\t\t\t\t\t<div class=\"e-con-inner\">\n\t\t\t\t<div class=\"elementor-element elementor-element-b539c4d elementor-widget elementor-widget-spacer\" data-id=\"b539c4d\" data-element_type=\"widget\" data-widget_type=\"spacer.default\">\n\t\t\t\t\t\t<div class=\"elementor-widget-container\">\n\t\t\t\t\t\t\t<div class=\"elementor-spacer\">\n\t\t\t<div class=\"elementor-spacer-inner\"><\/div>\n\t\t<\/div>\n\t\t\t\t\t\t<\/div>\n\t\t\t\t<\/div>\n\t\t\t\t\t<\/div>\n\t\t\t\t<\/div>\n\t\t\t\t<\/div>","protected":false},"excerpt":{"rendered":"<p>Impressum Kontaktdaten Ferienparadies Leopoldhof GmbH Familie Falkensteiner\u00a0 Ried 8\u00a0 A-5360 St. Wolfgang Salzkammergut &#8211; \u00d6sterreich Tel.: +43 6138 2438 E-mail: office@leopoldhof.at Website: www.leopoldhof.at UID: 6393 8038 Firmenbuchnummer: 303496v Beh\u00f6rde gem. ECG (E-Commerce Gesetz): Bezirkshauptmannschaft Gmunden Firmenbuchgericht: Landesgericht Salzburg Registrierungsnummer gem\u00e4\u00df Salzburger N\u00e4chtigungsabgabengesetz: 50330-000505-2020 Bankverbindung Ferienparadies Leopoldhof GmbH Bankname: Raiba St. Wolfgang IBAN: AT41 3454 5000 [&hellip;]<\/p>","protected":false},"author":4,"featured_media":0,"parent":2,"menu_order":0,"comment_status":"closed","ping_status":"closed","template":"","meta":{"_acf_changed":false,"footnotes":""},"class_list":["post-5484","page","type-page","status-publish","hentry"],"acf":[],"_links":{"self":[{"href":"https:\/\/www.leopoldhof.at\/en\/wp-json\/wp\/v2\/pages\/5484","targetHints":{"allow":["GET"]}}],"collection":[{"href":"https:\/\/www.leopoldhof.at\/en\/wp-json\/wp\/v2\/pages"}],"about":[{"href":"https:\/\/www.leopoldhof.at\/en\/wp-json\/wp\/v2\/types\/page"}],"author":[{"embeddable":true,"href":"https:\/\/www.leopoldhof.at\/en\/wp-json\/wp\/v2\/users\/4"}],"replies":[{"embeddable":true,"href":"https:\/\/www.leopoldhof.at\/en\/wp-json\/wp\/v2\/comments?post=5484"}],"version-history":[{"count":5,"href":"https:\/\/www.leopoldhof.at\/en\/wp-json\/wp\/v2\/pages\/5484\/revisions"}],"predecessor-version":[{"id":5522,"href":"https:\/\/www.leopoldhof.at\/en\/wp-json\/wp\/v2\/pages\/5484\/revisions\/5522"}],"up":[{"embeddable":true,"href":"https:\/\/www.leopoldhof.at\/en\/wp-json\/wp\/v2\/pages\/2"}],"wp:attachment":[{"href":"https:\/\/www.leopoldhof.at\/en\/wp-json\/wp\/v2\/media?parent=5484"}],"curies":[{"name":"wp","href":"https:\/\/api.w.org\/{rel}","templated":true}]}}