

 


 

 


 

 


 



 


 

 


 









 


 

 


 

 


 

 


 

 


 {"id":4966,"date":"2025-07-11T12:17:19","date_gmt":"2025-07-11T12:17:19","guid":{"rendered":"https:\/\/leopoldhof.digitalskull.co.uk\/?page_id=4966"},"modified":"2025-07-11T12:18:54","modified_gmt":"2025-07-11T12:18:54","slug":"datenschutz","status":"publish","type":"page","link":"https:\/\/www.leopoldhof.at\/en\/datenschutz\/","title":{"rendered":"Datenschutz"},"content":{"rendered":"<div data-elementor-type=\"wp-page\" data-elementor-id=\"4966\" class=\"elementor elementor-4966\" data-elementor-post-type=\"page\">\n\t\t\t\t<div class=\"elementor-element elementor-element-98559bc e-con-full e-flex e-con e-parent\" data-id=\"98559bc\" data-element_type=\"container\">\n\t\t\t\t<div class=\"elementor-element elementor-element-02b4d21 elementor-widget elementor-widget-template\" data-id=\"02b4d21\" data-element_type=\"widget\" data-widget_type=\"template.default\">\n\t\t\t\t\t\t<div class=\"elementor-widget-container\">\n\t\t\t\t\t\t\t<div class=\"elementor-template\">\n\t\t\t\t\t<div data-elementor-type=\"container\" data-elementor-id=\"1773\" class=\"elementor elementor-1773\" data-elementor-post-type=\"elementor_library\">\n\t\t\t\t<div class=\"elementor-element elementor-element-29969303 always-first e-flex e-con-boxed e-con e-parent\" data-id=\"29969303\" data-element_type=\"container\" data-settings=\"{&quot;background_background&quot;:&quot;classic&quot;}\">\n\t\t\t\t\t<div class=\"e-con-inner\">\n\t\t\t\t\t<\/div>\n\t\t\t\t<\/div>\n\t\t\t\t<\/div>\n\t\t\t\t<\/div>\n\t\t\t\t\t\t<\/div>\n\t\t\t\t<\/div>\n\t\t\t\t<\/div>\n\t\t<div class=\"elementor-element elementor-element-64db351 e-con-full e-flex e-con e-parent\" data-id=\"64db351\" data-element_type=\"container\" data-settings=\"{&quot;background_background&quot;:&quot;classic&quot;}\">\n\t\t<div class=\"elementor-element elementor-element-66d9b3c e-con-full e-flex e-con e-child\" data-id=\"66d9b3c\" data-element_type=\"container\" data-settings=\"{&quot;background_background&quot;:&quot;classic&quot;}\">\n\t\t\t\t<div class=\"elementor-element elementor-element-453a150 elementor-widget elementor-widget-shortcode\" data-id=\"453a150\" data-element_type=\"widget\" data-widget_type=\"shortcode.default\">\n\t\t\t\t\t\t<div class=\"elementor-widget-container\">\n\t\t\t\t\t\t\t<div class=\"elementor-shortcode\"><nav aria-label=\"breadcrumbs\" class=\"rank-math-breadcrumb\"><p><span class=\"last\">Home<\/span><\/p><\/nav><\/div>\n\t\t\t\t\t\t<\/div>\n\t\t\t\t<\/div>\n\t\t<div class=\"elementor-element elementor-element-854f8d4 e-con-full e-flex e-con e-child\" data-id=\"854f8d4\" data-element_type=\"container\">\n\t\t\t\t<div class=\"elementor-element elementor-element-4e83d34 elementor-widget elementor-widget-text-editor\" data-id=\"4e83d34\" data-element_type=\"widget\" data-widget_type=\"text-editor.default\">\n\t\t\t\t\t\t<div class=\"elementor-widget-container\">\n\t\t\t\t\t\t\t\t\t<div class=\"pimcore_area_text pimcore_area_content\"><div class=\"content-block content-block-text clearfix margin-bottom-0\"><div class=\"container\"><h3 data-start=\"289\" data-end=\"330\">Datenschutz\u00aderkl\u00e4rung (Privacy Policy)<\/h3><p data-start=\"332\" data-end=\"392\"><strong data-start=\"332\" data-end=\"342\">Stand:<\/strong> [11. Juli 2025]<br data-start=\"358\" data-end=\"361\" \/><strong data-start=\"361\" data-end=\"374\">Gilt f\u00fcr:<\/strong> <a class=\"\" href=\"http:\/\/www.leopoldhof.at\/en\/\" target=\"_new\" rel=\"noopener\" data-start=\"375\" data-end=\"392\">www.leopoldhof.at<\/a><\/p><h3 data-start=\"394\" data-end=\"419\">1. Verantwortlicher<\/h3><p data-start=\"420\" data-end=\"533\">Leopoldhof<br data-start=\"430\" data-end=\"433\" \/>Ried 8, A\u20115360 St. Wolfgang im Salzkammergut<br data-start=\"477\" data-end=\"480\" \/>Telefon: +43 6138 2438<br data-start=\"502\" data-end=\"505\" \/>e-mail: <a class=\"cursor-pointer\" rel=\"noopener\" data-start=\"513\" data-end=\"533\">office@leopoldhof.at<\/a><\/p><h3 data-start=\"535\" data-end=\"593\">2. Erhebung und Verarbeitung personenbezogener Daten<\/h3><p data-start=\"594\" data-end=\"758\">Wir erheben und verarbeiten Ihre personenbezogenen Daten ausschlie\u00dflich gem\u00e4\u00df den gesetzlichen Vorschriften (DSGVO, TKG 2003). Folgende Daten k\u00f6nnen erfasst werden:<\/p><ul data-start=\"760\" data-end=\"1017\"><li data-start=\"760\" data-end=\"822\"><p data-start=\"762\" data-end=\"822\"><strong data-start=\"762\" data-end=\"781\">Kontaktanfragen<\/strong> (Name, E-Mail, Telefonnummer, Nachricht)<\/p><\/li><li data-start=\"823\" data-end=\"892\"><p data-start=\"825\" data-end=\"892\"><strong data-start=\"825\" data-end=\"842\">Buchungsdaten<\/strong> (Adresse, Buchungsdetails, Zahlungsinformationen)<\/p><\/li><li data-start=\"893\" data-end=\"936\"><p data-start=\"895\" data-end=\"936\"><strong data-start=\"895\" data-end=\"919\">Newsletter-Anmeldung<\/strong> (E-Mail-Adresse)<\/p><\/li><li data-start=\"937\" data-end=\"1017\"><p data-start=\"939\" data-end=\"1017\"><strong data-start=\"939\" data-end=\"970\">Zugriffs- und Nutzungsdaten<\/strong> (IP-Adresse, Browser, Seitenzugriffe, Cookies)<\/p><\/li><\/ul><h3 data-start=\"1019\" data-end=\"1055\">3. Zweck der Datenverarbeitung<\/h3><p data-start=\"1056\" data-end=\"1103\">Ihre Daten werden ausschlie\u00dflich verwendet f\u00fcr:<\/p><ul data-start=\"1105\" data-end=\"1315\"><li data-start=\"1105\" data-end=\"1145\"><p data-start=\"1107\" data-end=\"1145\">Bearbeitung Ihrer Anfrage oder Buchung<\/p><\/li><li data-start=\"1146\" data-end=\"1210\"><p data-start=\"1148\" data-end=\"1210\">Durchf\u00fchrung vorvertraglicher Ma\u00dfnahmen und Vertragsabwicklung<\/p><\/li><li data-start=\"1211\" data-end=\"1252\"><p data-start=\"1213\" data-end=\"1252\">Kommunikation \u00fcber Angebote und Service<\/p><\/li><li data-start=\"1253\" data-end=\"1315\"><p data-start=\"1255\" data-end=\"1315\">Verbesserung unserer Website und Nutzererfahrung (Analytics)<\/p><\/li><\/ul><h3 data-start=\"1317\" data-end=\"1341\">4. Rechtsgrundlage<\/h3><p data-start=\"1342\" data-end=\"1385\">Die Verarbeitung erfolgt auf Grundlage von:<\/p><ul data-start=\"1387\" data-end=\"1596\"><li data-start=\"1387\" data-end=\"1439\"><p data-start=\"1389\" data-end=\"1439\"><strong data-start=\"1389\" data-end=\"1419\">Art. 6 Abs. 1 lit. b DSGVO<\/strong> \u2013 Vertragserf\u00fcllung<\/p><\/li><li data-start=\"1440\" data-end=\"1529\"><p data-start=\"1442\" data-end=\"1529\"><strong data-start=\"1442\" data-end=\"1472\">Art. 6 Abs. 1 lit. f DSGVO<\/strong> \u2013 berechtigtes Interesse (z.\u202fB. Optimierung der Website)<\/p><\/li><li data-start=\"1530\" data-end=\"1596\"><p data-start=\"1532\" data-end=\"1596\"><strong data-start=\"1532\" data-end=\"1562\">Art. 6 Abs. 1 lit. a DSGVO<\/strong> \u2013 Einwilligung (z.\u202fB. Newsletter)<\/p><\/li><\/ul><h3 data-start=\"1598\" data-end=\"1630\">5. Cookies und Web-Analyse<\/h3><p data-start=\"1631\" data-end=\"1893\">Unsere Website verwendet Cookies zur Verbesserung der Funktionalit\u00e4t und Analyse. Mit Ihrer Zustimmung nutzen wir <strong data-start=\"1745\" data-end=\"1765\">Google Analytics<\/strong>, um anonymisierte Zugriffsstatistiken zu erstellen.<br data-start=\"1817\" data-end=\"1820\" \/>Sie k\u00f6nnen Cookies jederzeit \u00fcber Ihre Browsereinstellungen deaktivieren.<\/p><h3 data-start=\"1895\" data-end=\"1924\">6. Weitergabe von Daten<\/h3><p data-start=\"1925\" data-end=\"1984\">Wir geben Ihre Daten <strong data-start=\"1946\" data-end=\"1955\">nicht<\/strong> an Dritte weiter, <strong data-start=\"1974\" data-end=\"1983\">au\u00dfer<\/strong>:<\/p><ul data-start=\"1986\" data-end=\"2142\"><li data-start=\"1986\" data-end=\"2045\"><p data-start=\"1988\" data-end=\"2045\">zur Abwicklung von Zahlungen (z.\u202fB. Kreditkartenanbieter)<\/p><\/li><li data-start=\"2046\" data-end=\"2109\"><p data-start=\"2048\" data-end=\"2109\">an technische Dienstleister (z.\u202fB. Hosting, Buchungssoftware)<\/p><\/li><li data-start=\"2110\" data-end=\"2142\"><p data-start=\"2112\" data-end=\"2142\">bei gesetzlicher Verpflichtung<\/p><\/li><\/ul><p data-start=\"2144\" data-end=\"2290\">Eine \u00dcbermittlung in Drittstaaten erfolgt nur bei Nutzung von US-Diensten wie Google \u2013 stets unter Einhaltung von DSGVO-konformen Schutzma\u00dfnahmen.<\/p><h3 data-start=\"2292\" data-end=\"2314\">7. Speicherdauer<\/h3><ul data-start=\"2315\" data-end=\"2431\"><li data-start=\"2315\" data-end=\"2366\"><p data-start=\"2317\" data-end=\"2366\">Buchungs- und Rechnungsdaten: 7 Jahre (gem\u00e4\u00df BAO)<\/p><\/li><li data-start=\"2367\" data-end=\"2395\"><p data-start=\"2369\" data-end=\"2395\">Kontaktanfragen: 12 Monate<\/p><\/li><li data-start=\"2396\" data-end=\"2431\"><p data-start=\"2398\" data-end=\"2431\">Newsletterdaten: bis zum Widerruf<\/p><\/li><\/ul><h3 data-start=\"2433\" data-end=\"2453\">8. Ihre Rechte<\/h3><p data-start=\"2454\" data-end=\"2488\">Sie haben jederzeit das Recht auf:<\/p><ul data-start=\"2490\" data-end=\"2700\"><li data-start=\"2490\" data-end=\"2530\"><p data-start=\"2492\" data-end=\"2530\">Auskunft \u00fcber Ihre gespeicherten Daten<\/p><\/li><li data-start=\"2531\" data-end=\"2591\"><p data-start=\"2533\" data-end=\"2591\">Berichtigung, L\u00f6schung oder Einschr\u00e4nkung der Verarbeitung<\/p><\/li><li data-start=\"2592\" data-end=\"2614\"><p data-start=\"2594\" data-end=\"2614\">Daten\u00fcbertragbarkeit<\/p><\/li><li data-start=\"2615\" data-end=\"2644\"><p data-start=\"2617\" data-end=\"2644\">Widerruf einer Einwilligung<\/p><\/li><li data-start=\"2645\" data-end=\"2700\"><p data-start=\"2647\" data-end=\"2700\">Beschwerde bei der Datenschutzbeh\u00f6rde (<a class=\"cursor-pointer\" target=\"_new\" rel=\"noopener\" data-start=\"2686\" data-end=\"2699\">www.dsb.gv.at<\/a>)<\/p><\/li><\/ul><p data-start=\"2702\" data-end=\"2757\">Anfragen richten Sie bitte an: <strong data-start=\"2733\" data-end=\"2757\"><a class=\"cursor-pointer\" rel=\"noopener\" data-start=\"2735\" data-end=\"2755\">office@leopoldhof.at<\/a><\/strong><\/p><h3 data-start=\"2759\" data-end=\"2778\">9. Sicherheit<\/h3><p data-start=\"2779\" data-end=\"2960\">Wir setzen technische und organisatorische Ma\u00dfnahmen ein, um Ihre Daten gegen Verlust, Manipulation und unberechtigten Zugriff zu sch\u00fctzen. Unsere Website nutzt SSL-Verschl\u00fcsselung.<\/p><h3 data-start=\"2962\" data-end=\"2982\">10. \u00c4nderungen<\/h3><p data-start=\"2983\" data-end=\"3156\">Diese Datenschutz\u00aderkl\u00e4rung kann bei \u00c4nderungen unserer Services oder der Gesetzeslage angepasst werden. Es gilt jeweils die aktuell auf der Website ver\u00f6ffentlichte Version.<\/p><hr data-start=\"3158\" data-end=\"3161\" \/><p data-start=\"3163\" data-end=\"3271\"><strong data-start=\"3163\" data-end=\"3175\">Kontakt:<\/strong><br data-start=\"3175\" data-end=\"3178\" \/>Leopoldhof \u2013 Familie Ebner<br data-start=\"3204\" data-end=\"3207\" \/>Ried 8, 5360 St. Wolfgang<br data-start=\"3232\" data-end=\"3235\" \/><a class=\"cursor-pointer\" rel=\"noopener\" data-start=\"3235\" data-end=\"3255\">office@leopoldhof.at<\/a> | +43 6138 2438<\/p><\/div><\/div><\/div>\t\t\t\t\t\t\t\t<\/div>\n\t\t\t\t<\/div>\n\t\t\t\t<\/div>\n\t\t\t\t<\/div>\n\t\t\t\t<\/div>\n\t\t\t\t<\/div>","protected":false},"excerpt":{"rendered":"<p>Datenschutz\u00aderkl\u00e4rung (Privacy Policy) Stand: [11. Juli 2025]Gilt f\u00fcr: www.leopoldhof.at 1. Verantwortlicher LeopoldhofRied 8, A\u20115360 St. Wolfgang im SalzkammergutTelefon: +43 6138 2438E-Mail: office@leopoldhof.at 2. Erhebung und Verarbeitung personenbezogener Daten Wir erheben und verarbeiten Ihre personenbezogenen Daten ausschlie\u00dflich gem\u00e4\u00df den gesetzlichen Vorschriften (DSGVO, TKG 2003). Folgende Daten k\u00f6nnen erfasst werden: Kontaktanfragen (Name, E-Mail, Telefonnummer, Nachricht) Buchungsdaten (Adresse, [&hellip;]<\/p>","protected":false},"author":1,"featured_media":0,"parent":0,"menu_order":10,"comment_status":"open","ping_status":"closed","template":"","meta":{"_acf_changed":false,"footnotes":""},"class_list":["post-4966","page","type-page","status-publish","hentry"],"acf":[],"_links":{"self":[{"href":"https:\/\/www.leopoldhof.at\/en\/wp-json\/wp\/v2\/pages\/4966","targetHints":{"allow":["GET"]}}],"collection":[{"href":"https:\/\/www.leopoldhof.at\/en\/wp-json\/wp\/v2\/pages"}],"about":[{"href":"https:\/\/www.leopoldhof.at\/en\/wp-json\/wp\/v2\/types\/page"}],"author":[{"embeddable":true,"href":"https:\/\/www.leopoldhof.at\/en\/wp-json\/wp\/v2\/users\/1"}],"replies":[{"embeddable":true,"href":"https:\/\/www.leopoldhof.at\/en\/wp-json\/wp\/v2\/comments?post=4966"}],"version-history":[{"count":5,"href":"https:\/\/www.leopoldhof.at\/en\/wp-json\/wp\/v2\/pages\/4966\/revisions"}],"predecessor-version":[{"id":4976,"href":"https:\/\/www.leopoldhof.at\/en\/wp-json\/wp\/v2\/pages\/4966\/revisions\/4976"}],"wp:attachment":[{"href":"https:\/\/www.leopoldhof.at\/en\/wp-json\/wp\/v2\/media?parent=4966"}],"curies":[{"name":"wp","href":"https:\/\/api.w.org\/{rel}","templated":true}]}}